{"id":1681,"date":"2026-01-10T23:45:34","date_gmt":"2026-01-10T23:45:34","guid":{"rendered":"https:\/\/quitaraburrimiento.com\/blog\/?page_id=1681"},"modified":"2026-01-17T21:52:05","modified_gmt":"2026-01-17T21:52:05","slug":"asia","status":"publish","type":"page","link":"https:\/\/quitaraburrimiento.com\/blog\/asia\/","title":{"rendered":"ASIA"},"content":{"rendered":"\n<script async src=\"https:\/\/pagead2.googlesyndication.com\/pagead\/js\/adsbygoogle.js?client=ca-pub-9537719385277482\"\n     crossorigin=\"anonymous\"><\/script>\n<!-- 336x280, creado 30\/04\/10 -->\n<ins class=\"adsbygoogle\"\n     style=\"display:inline-block;width:336px;height:280px\"\n     data-ad-client=\"ca-pub-9537719385277482\"\n     data-ad-slot=\"1790122349\"><\/ins>\n<script>\n     (adsbygoogle = window.adsbygoogle || []).push({});\n<\/script>\n\n\n\n<p>Asia: El Continente de los Mil Rostros, De Metr\u00f3polis Futuristas a Tradiciones Ancestrales<\/p>\n\n\n\n<p>\u00bfPensabas que conoc\u00edas Asia? Prep\u00e1rate para que tus expectativas exploten. Desde el futurismo deslumbrante de las mega-ciudades de <strong>Tokio<\/strong> y <strong>Singapur<\/strong>, donde la tecnolog\u00eda parece sacada de una pel\u00edcula, hasta los mercados vibrantes y las playas paradis\u00edacas del <strong>Sudeste Asi\u00e1tico<\/strong>.<\/p>\n\n\n\n<p>En esta secci\u00f3n, nos atrevemos a ir m\u00e1s all\u00e1 de los clich\u00e9s. Nos sumergiremos en la intrigante dualidad de <strong>Qatar<\/strong>, donde el lujo extremo y las tradiciones milenarias conviven en un desierto en constante transformaci\u00f3n. Exploraremos los picos espirituales del <strong>Himalaya<\/strong>, el misterio de los templos ancestrales de <strong>Tailandia<\/strong> e <strong>India<\/strong>, y la energ\u00eda imparable de gigantes como <strong>China<\/strong> y <strong>Corea del Sur<\/strong>, que est\u00e1n redefiniendo el futuro del planeta.<\/p>\n\n\n\n<p>Ya sea que busques la paz de un jard\u00edn zen, la adrenalina de una calle nocturna abarrotada, o la sabidur\u00eda de culturas que datan de miles de a\u00f1os, aqu\u00ed descubrir\u00e1s que Asia es un universo entero por explorar. Es el lugar donde el pasado m\u00e1s profundo se encuentra con el ma\u00f1ana m\u00e1s brillante, \u00a1y cada esquina es una nueva aventura! \u00a1Bienvenido al viaje definitivo por el continente que nunca deja de sorprender!<\/p>\n\n\n\n<figure class=\"wp-block-embed is-type-wp-embed is-provider-dosis-para-quitar-aburrimiento wp-block-embed-dosis-para-quitar-aburrimiento\"><div class=\"wp-block-embed__wrapper\">\n<blockquote class=\"wp-embedded-content\" data-secret=\"00iadOdizp\"><a href=\"https:\/\/quitaraburrimiento.com\/blog\/explorando-bnei-brak-el-enigmatico-mundo-de-los-judios-ultraortodoxos-en-israel\/\">Explorando Bnei Brak: El Enigm\u00e1tico Mundo de los Jud\u00edos Ultraortodoxos en Israel<\/a><\/blockquote><iframe class=\"wp-embedded-content\" sandbox=\"allow-scripts\" security=\"restricted\" style=\"position: absolute; visibility: hidden;\" title=\"\u00abExplorando Bnei Brak: El Enigm\u00e1tico Mundo de los Jud\u00edos Ultraortodoxos en Israel\u00bb \u2014 dosis para quitar aburrimiento\" src=\"https:\/\/quitaraburrimiento.com\/blog\/explorando-bnei-brak-el-enigmatico-mundo-de-los-judios-ultraortodoxos-en-israel\/embed\/#?secret=8Lsk8ysMoT#?secret=00iadOdizp\" data-secret=\"00iadOdizp\" width=\"500\" height=\"282\" frameborder=\"0\" marginwidth=\"0\" marginheight=\"0\" scrolling=\"no\"><\/iframe>\n<\/div><\/figure>\n\n\n\n<figure class=\"wp-block-embed is-type-wp-embed is-provider-dosis-para-quitar-aburrimiento wp-block-embed-dosis-para-quitar-aburrimiento\"><div class=\"wp-block-embed__wrapper\">\n<blockquote class=\"wp-embedded-content\" data-secret=\"CQfadTyEjz\"><a href=\"https:\/\/quitaraburrimiento.com\/blog\/lo-que-es-normal-para-ti-podria-llevarte-a-la-carcel-en-dubai\/\">Lo que es \u00abNormal\u00bb para ti, podr\u00eda llevarte a la c\u00e1rcel en Dub\u00e1i<\/a><\/blockquote><iframe class=\"wp-embedded-content\" sandbox=\"allow-scripts\" security=\"restricted\" style=\"position: absolute; visibility: hidden;\" title=\"\u00abLo que es \u00abNormal\u00bb para ti, podr\u00eda llevarte a la c\u00e1rcel en Dub\u00e1i\u00bb \u2014 dosis para quitar aburrimiento\" src=\"https:\/\/quitaraburrimiento.com\/blog\/lo-que-es-normal-para-ti-podria-llevarte-a-la-carcel-en-dubai\/embed\/#?secret=dImuZMd9li#?secret=CQfadTyEjz\" data-secret=\"CQfadTyEjz\" width=\"500\" height=\"282\" frameborder=\"0\" marginwidth=\"0\" marginheight=\"0\" scrolling=\"no\"><\/iframe>\n<\/div><\/figure>\n\n\n\n<figure class=\"wp-block-embed is-type-wp-embed is-provider-dosis-para-quitar-aburrimiento wp-block-embed-dosis-para-quitar-aburrimiento\"><div class=\"wp-block-embed__wrapper\">\n<blockquote class=\"wp-embedded-content\" data-secret=\"vn2iUTFYyo\"><a href=\"https:\/\/quitaraburrimiento.com\/blog\/ciudad-fantasma-asi-luce-qatar-3-anos-despues-del-mundial-de-2022\/\">\u00bfCiudad Fantasma? As\u00ed luce Qatar 3 a\u00f1os despu\u00e9s del Mundial de 2022<\/a><\/blockquote><iframe class=\"wp-embedded-content\" sandbox=\"allow-scripts\" security=\"restricted\" style=\"position: absolute; visibility: hidden;\" title=\"\u00ab\u00bfCiudad Fantasma? As\u00ed luce Qatar 3 a\u00f1os despu\u00e9s del Mundial de 2022\u00bb \u2014 dosis para quitar aburrimiento\" src=\"https:\/\/quitaraburrimiento.com\/blog\/ciudad-fantasma-asi-luce-qatar-3-anos-despues-del-mundial-de-2022\/embed\/#?secret=KxfrE5Nwnq#?secret=vn2iUTFYyo\" data-secret=\"vn2iUTFYyo\" width=\"500\" height=\"282\" frameborder=\"0\" marginwidth=\"0\" marginheight=\"0\" scrolling=\"no\"><\/iframe>\n<\/div><\/figure>\n","protected":false},"excerpt":{"rendered":"<p>Asia: El Continente de los Mil Rostros, De Metr\u00f3polis Futuristas a Tradiciones Ancestrales \u00bfPensabas que conoc\u00edas Asia? Prep\u00e1rate para que tus expectativas exploten. Desde el futurismo deslumbrante de las mega-ciudades de Tokio y Singapur, donde la tecnolog\u00eda parece sacada de una pel\u00edcula, hasta los mercados vibrantes y las playas paradis\u00edacas del Sudeste Asi\u00e1tico. En esta [&hellip;]<\/p>\n","protected":false},"author":1,"featured_media":0,"parent":0,"menu_order":1,"comment_status":"closed","ping_status":"closed","template":"","meta":{"footnotes":""},"class_list":["post-1681","page","type-page","status-publish","hentry"],"yoast_head":"<!-- This site is optimized with the Yoast SEO plugin v26.7 - https:\/\/yoast.com\/wordpress\/plugins\/seo\/ -->\n<title>ASIA - dosis para quitar aburrimiento<\/title>\n<meta name=\"robots\" content=\"index, follow, max-snippet:-1, max-image-preview:large, max-video-preview:-1\" \/>\n<link rel=\"canonical\" href=\"https:\/\/quitaraburrimiento.com\/blog\/asia\/\" \/>\n<meta property=\"og:locale\" content=\"es_ES\" \/>\n<meta property=\"og:type\" content=\"article\" \/>\n<meta property=\"og:title\" content=\"ASIA - dosis para quitar aburrimiento\" \/>\n<meta property=\"og:description\" content=\"Asia: El Continente de los Mil Rostros, De Metr\u00f3polis Futuristas a Tradiciones Ancestrales \u00bfPensabas que conoc\u00edas Asia? Prep\u00e1rate para que tus expectativas exploten. Desde el futurismo deslumbrante de las mega-ciudades de Tokio y Singapur, donde la tecnolog\u00eda parece sacada de una pel\u00edcula, hasta los mercados vibrantes y las playas paradis\u00edacas del Sudeste Asi\u00e1tico. En esta [&hellip;]\" \/>\n<meta property=\"og:url\" content=\"https:\/\/quitaraburrimiento.com\/blog\/asia\/\" \/>\n<meta property=\"og:site_name\" content=\"dosis para quitar aburrimiento\" \/>\n<meta property=\"article:publisher\" content=\"https:\/\/www.facebook.com\/profile.php?id=61557596204538\" \/>\n<meta property=\"article:modified_time\" content=\"2026-01-17T21:52:05+00:00\" \/>\n<meta name=\"twitter:card\" content=\"summary_large_image\" \/>\n<meta name=\"twitter:label1\" content=\"Tiempo de lectura\" \/>\n\t<meta name=\"twitter:data1\" content=\"1 minuto\" \/>\n<script type=\"application\/ld+json\" class=\"yoast-schema-graph\">{\"@context\":\"https:\/\/schema.org\",\"@graph\":[{\"@type\":\"WebPage\",\"@id\":\"https:\/\/quitaraburrimiento.com\/blog\/asia\/\",\"url\":\"https:\/\/quitaraburrimiento.com\/blog\/asia\/\",\"name\":\"ASIA - dosis para quitar aburrimiento\",\"isPartOf\":{\"@id\":\"https:\/\/quitaraburrimiento.com\/blog\/#website\"},\"datePublished\":\"2026-01-10T23:45:34+00:00\",\"dateModified\":\"2026-01-17T21:52:05+00:00\",\"breadcrumb\":{\"@id\":\"https:\/\/quitaraburrimiento.com\/blog\/asia\/#breadcrumb\"},\"inLanguage\":\"es\",\"potentialAction\":[{\"@type\":\"ReadAction\",\"target\":[\"https:\/\/quitaraburrimiento.com\/blog\/asia\/\"]}]},{\"@type\":\"BreadcrumbList\",\"@id\":\"https:\/\/quitaraburrimiento.com\/blog\/asia\/#breadcrumb\",\"itemListElement\":[{\"@type\":\"ListItem\",\"position\":1,\"name\":\"Portada\",\"item\":\"https:\/\/quitaraburrimiento.com\/blog\/\"},{\"@type\":\"ListItem\",\"position\":2,\"name\":\"ASIA\"}]},{\"@type\":\"WebSite\",\"@id\":\"https:\/\/quitaraburrimiento.com\/blog\/#website\",\"url\":\"https:\/\/quitaraburrimiento.com\/blog\/\",\"name\":\"Quitar aburrimiento\",\"description\":\"blog con posts para quitar aburrimiento\",\"potentialAction\":[{\"@type\":\"SearchAction\",\"target\":{\"@type\":\"EntryPoint\",\"urlTemplate\":\"https:\/\/quitaraburrimiento.com\/blog\/?s={search_term_string}\"},\"query-input\":{\"@type\":\"PropertyValueSpecification\",\"valueRequired\":true,\"valueName\":\"search_term_string\"}}],\"inLanguage\":\"es\"}]}<\/script>\n<!-- \/ Yoast SEO plugin. -->","yoast_head_json":{"title":"ASIA - dosis para quitar aburrimiento","robots":{"index":"index","follow":"follow","max-snippet":"max-snippet:-1","max-image-preview":"max-image-preview:large","max-video-preview":"max-video-preview:-1"},"canonical":"https:\/\/quitaraburrimiento.com\/blog\/asia\/","og_locale":"es_ES","og_type":"article","og_title":"ASIA - dosis para quitar aburrimiento","og_description":"Asia: El Continente de los Mil Rostros, De Metr\u00f3polis Futuristas a Tradiciones Ancestrales \u00bfPensabas que conoc\u00edas Asia? Prep\u00e1rate para que tus expectativas exploten. Desde el futurismo deslumbrante de las mega-ciudades de Tokio y Singapur, donde la tecnolog\u00eda parece sacada de una pel\u00edcula, hasta los mercados vibrantes y las playas paradis\u00edacas del Sudeste Asi\u00e1tico. En esta [&hellip;]","og_url":"https:\/\/quitaraburrimiento.com\/blog\/asia\/","og_site_name":"dosis para quitar aburrimiento","article_publisher":"https:\/\/www.facebook.com\/profile.php?id=61557596204538","article_modified_time":"2026-01-17T21:52:05+00:00","twitter_card":"summary_large_image","twitter_misc":{"Tiempo de lectura":"1 minuto"},"schema":{"@context":"https:\/\/schema.org","@graph":[{"@type":"WebPage","@id":"https:\/\/quitaraburrimiento.com\/blog\/asia\/","url":"https:\/\/quitaraburrimiento.com\/blog\/asia\/","name":"ASIA - dosis para quitar aburrimiento","isPartOf":{"@id":"https:\/\/quitaraburrimiento.com\/blog\/#website"},"datePublished":"2026-01-10T23:45:34+00:00","dateModified":"2026-01-17T21:52:05+00:00","breadcrumb":{"@id":"https:\/\/quitaraburrimiento.com\/blog\/asia\/#breadcrumb"},"inLanguage":"es","potentialAction":[{"@type":"ReadAction","target":["https:\/\/quitaraburrimiento.com\/blog\/asia\/"]}]},{"@type":"BreadcrumbList","@id":"https:\/\/quitaraburrimiento.com\/blog\/asia\/#breadcrumb","itemListElement":[{"@type":"ListItem","position":1,"name":"Portada","item":"https:\/\/quitaraburrimiento.com\/blog\/"},{"@type":"ListItem","position":2,"name":"ASIA"}]},{"@type":"WebSite","@id":"https:\/\/quitaraburrimiento.com\/blog\/#website","url":"https:\/\/quitaraburrimiento.com\/blog\/","name":"Quitar aburrimiento","description":"blog con posts para quitar aburrimiento","potentialAction":[{"@type":"SearchAction","target":{"@type":"EntryPoint","urlTemplate":"https:\/\/quitaraburrimiento.com\/blog\/?s={search_term_string}"},"query-input":{"@type":"PropertyValueSpecification","valueRequired":true,"valueName":"search_term_string"}}],"inLanguage":"es"}]}},"_links":{"self":[{"href":"https:\/\/quitaraburrimiento.com\/blog\/wp-json\/wp\/v2\/pages\/1681","targetHints":{"allow":["GET"]}}],"collection":[{"href":"https:\/\/quitaraburrimiento.com\/blog\/wp-json\/wp\/v2\/pages"}],"about":[{"href":"https:\/\/quitaraburrimiento.com\/blog\/wp-json\/wp\/v2\/types\/page"}],"author":[{"embeddable":true,"href":"https:\/\/quitaraburrimiento.com\/blog\/wp-json\/wp\/v2\/users\/1"}],"replies":[{"embeddable":true,"href":"https:\/\/quitaraburrimiento.com\/blog\/wp-json\/wp\/v2\/comments?post=1681"}],"version-history":[{"count":4,"href":"https:\/\/quitaraburrimiento.com\/blog\/wp-json\/wp\/v2\/pages\/1681\/revisions"}],"predecessor-version":[{"id":1790,"href":"https:\/\/quitaraburrimiento.com\/blog\/wp-json\/wp\/v2\/pages\/1681\/revisions\/1790"}],"wp:attachment":[{"href":"https:\/\/quitaraburrimiento.com\/blog\/wp-json\/wp\/v2\/media?parent=1681"}],"curies":[{"name":"wp","href":"https:\/\/api.w.org\/{rel}","templated":true}]}}