{"id":1655,"date":"2026-01-10T17:46:06","date_gmt":"2026-01-10T17:46:06","guid":{"rendered":"https:\/\/quitaraburrimiento.com\/blog\/?page_id=1655"},"modified":"2026-01-15T23:29:35","modified_gmt":"2026-01-15T23:29:35","slug":"europa","status":"publish","type":"page","link":"https:\/\/quitaraburrimiento.com\/blog\/europa\/","title":{"rendered":"EUROPA"},"content":{"rendered":"\n<script async src=\"https:\/\/pagead2.googlesyndication.com\/pagead\/js\/adsbygoogle.js?client=ca-pub-9537719385277482\"\n     crossorigin=\"anonymous\"><\/script>\n<!-- 336x280, creado 30\/04\/10 -->\n<ins class=\"adsbygoogle\"\n     style=\"display:inline-block;width:336px;height:280px\"\n     data-ad-client=\"ca-pub-9537719385277482\"\n     data-ad-slot=\"1790122349\"><\/ins>\n<script>\n     (adsbygoogle = window.adsbygoogle || []).push({});\n<\/script>\n\n\n\n<p><strong>Europa: Un mosaico de historia, vanguardia y rincones de cuento<\/strong><\/p>\n\n\n\n<p>\u00bfSientes que ya lo has visto todo? Prep\u00e1rate para redescubrir el Viejo Continente como nunca antes. Desde el romanticismo eterno de las calles de <strong>Par\u00eds<\/strong> hasta el dise\u00f1o futurista de <strong>Berl\u00edn<\/strong>, pasando por los pueblos ba\u00f1ados por el sol en la <strong>Costa Amalfitana<\/strong> o la energ\u00eda imparable de <strong>Madrid<\/strong>.<\/p>\n\n\n\n<p>En esta secci\u00f3n, nos alejamos de los clich\u00e9s para sumergirnos en la verdadera esencia europea: esa mezcla perfecta entre castillos medievales, gastronom\u00eda de vanguardia y las tradiciones que dieron forma al mundo. Ya sea perdi\u00e9ndote en los canales de <strong>\u00c1msterdam<\/strong> o explorando las joyas ocultas de los <strong>Balcanes<\/strong>, aqu\u00ed descubrir\u00e1s que cada adoqu\u00edn tiene una historia que contarte. \u00a1Bienvenido a un viaje por el continente donde el pasado y el futuro se abrazan en cada esquina!<\/p>\n\n\n\n<figure class=\"wp-block-embed is-type-wp-embed is-provider-dosis-para-quitar-aburrimiento wp-block-embed-dosis-para-quitar-aburrimiento\"><div class=\"wp-block-embed__wrapper\">\n<blockquote class=\"wp-embedded-content\" data-secret=\"5TXyk9WWH8\"><a href=\"https:\/\/quitaraburrimiento.com\/blog\/explorando-chernobyl-un-viaje-al-silencio-de-la-zona-de-exclusion\/\">Explorando Chernobyl: Un viaje al silencio de la Zona de Exclusi\u00f3n<\/a><\/blockquote><iframe class=\"wp-embedded-content\" sandbox=\"allow-scripts\" security=\"restricted\" style=\"position: absolute; visibility: hidden;\" title=\"\u00abExplorando Chernobyl: Un viaje al silencio de la Zona de Exclusi\u00f3n\u00bb \u2014 dosis para quitar aburrimiento\" src=\"https:\/\/quitaraburrimiento.com\/blog\/explorando-chernobyl-un-viaje-al-silencio-de-la-zona-de-exclusion\/embed\/#?secret=8jNHcZihgp#?secret=5TXyk9WWH8\" data-secret=\"5TXyk9WWH8\" width=\"500\" height=\"282\" frameborder=\"0\" marginwidth=\"0\" marginheight=\"0\" scrolling=\"no\"><\/iframe>\n<\/div><\/figure>\n\n\n\n<figure class=\"wp-block-embed is-type-wp-embed is-provider-dosis-para-quitar-aburrimiento wp-block-embed-dosis-para-quitar-aburrimiento\"><div class=\"wp-block-embed__wrapper\">\n<blockquote class=\"wp-embedded-content\" data-secret=\"gPq1W9PXgu\"><a href=\"https:\/\/quitaraburrimiento.com\/blog\/como-se-vive-en-el-lugar-mas-vacio-del-mundo-10-curiosidades-de-groenlandia\/\">\u00bfC\u00f3mo se vive en el lugar m\u00e1s vac\u00edo del mundo? 10 Curiosidades de Groenlandia<\/a><\/blockquote><iframe class=\"wp-embedded-content\" sandbox=\"allow-scripts\" security=\"restricted\" style=\"position: absolute; visibility: hidden;\" title=\"\u00ab\u00bfC\u00f3mo se vive en el lugar m\u00e1s vac\u00edo del mundo? 10 Curiosidades de Groenlandia\u00bb \u2014 dosis para quitar aburrimiento\" src=\"https:\/\/quitaraburrimiento.com\/blog\/como-se-vive-en-el-lugar-mas-vacio-del-mundo-10-curiosidades-de-groenlandia\/embed\/#?secret=FqDzyrjEhr#?secret=gPq1W9PXgu\" data-secret=\"gPq1W9PXgu\" width=\"500\" height=\"282\" frameborder=\"0\" marginwidth=\"0\" marginheight=\"0\" scrolling=\"no\"><\/iframe>\n<\/div><\/figure>\n\n\n\n<figure class=\"wp-block-embed is-type-wp-embed is-provider-dosis-para-quitar-aburrimiento wp-block-embed-dosis-para-quitar-aburrimiento\"><div class=\"wp-block-embed__wrapper\">\n<blockquote class=\"wp-embedded-content\" data-secret=\"wU1eyoAt8Y\"><a href=\"https:\/\/quitaraburrimiento.com\/blog\/descubriendo-moldavia-el-pais-mas-pobre-de-europa\/\">Descubriendo Moldavia: El pa\u00eds m\u00e1s pobre de Europa<\/a><\/blockquote><iframe class=\"wp-embedded-content\" sandbox=\"allow-scripts\" security=\"restricted\" style=\"position: absolute; visibility: hidden;\" title=\"\u00abDescubriendo Moldavia: El pa\u00eds m\u00e1s pobre de Europa\u00bb \u2014 dosis para quitar aburrimiento\" src=\"https:\/\/quitaraburrimiento.com\/blog\/descubriendo-moldavia-el-pais-mas-pobre-de-europa\/embed\/#?secret=J1uUSV46Bg#?secret=wU1eyoAt8Y\" data-secret=\"wU1eyoAt8Y\" width=\"500\" height=\"282\" frameborder=\"0\" marginwidth=\"0\" marginheight=\"0\" scrolling=\"no\"><\/iframe>\n<\/div><\/figure>\n\n\n\n<figure class=\"wp-block-embed is-type-wp-embed is-provider-dosis-para-quitar-aburrimiento wp-block-embed-dosis-para-quitar-aburrimiento\"><div class=\"wp-block-embed__wrapper\">\n<blockquote class=\"wp-embedded-content\" data-secret=\"A9Pa9eg23f\"><a href=\"https:\/\/quitaraburrimiento.com\/blog\/svalbard-el-lugar-donde-esta-prohibido-morir-y-los-osos-polares-mandan\/\">Svalbard: El lugar donde est\u00e1 prohibido morir y los osos polares mandan<\/a><\/blockquote><iframe class=\"wp-embedded-content\" sandbox=\"allow-scripts\" security=\"restricted\" style=\"position: absolute; visibility: hidden;\" title=\"\u00abSvalbard: El lugar donde est\u00e1 prohibido morir y los osos polares mandan\u00bb \u2014 dosis para quitar aburrimiento\" src=\"https:\/\/quitaraburrimiento.com\/blog\/svalbard-el-lugar-donde-esta-prohibido-morir-y-los-osos-polares-mandan\/embed\/#?secret=IKa0CYrChA#?secret=A9Pa9eg23f\" data-secret=\"A9Pa9eg23f\" width=\"500\" height=\"282\" frameborder=\"0\" marginwidth=\"0\" marginheight=\"0\" scrolling=\"no\"><\/iframe>\n<\/div><\/figure>\n\n\n\n<figure class=\"wp-block-embed is-type-wp-embed is-provider-dosis-para-quitar-aburrimiento wp-block-embed-dosis-para-quitar-aburrimiento\"><div class=\"wp-block-embed__wrapper\">\n<blockquote class=\"wp-embedded-content\" data-secret=\"rPlkYeTPkW\"><a href=\"https:\/\/quitaraburrimiento.com\/blog\/como-es-la-pobreza-en-el-pais-mas-feliz-del-mundo-realidades-de-finlandia-que-no-te-cuentan\/\">\u00bfC\u00f3mo es la pobreza en el pa\u00eds m\u00e1s feliz del mundo? Realidades de Finlandia que no te cuentan<\/a><\/blockquote><iframe class=\"wp-embedded-content\" sandbox=\"allow-scripts\" security=\"restricted\" style=\"position: absolute; visibility: hidden;\" title=\"\u00ab\u00bfC\u00f3mo es la pobreza en el pa\u00eds m\u00e1s feliz del mundo? Realidades de Finlandia que no te cuentan\u00bb \u2014 dosis para quitar aburrimiento\" src=\"https:\/\/quitaraburrimiento.com\/blog\/como-es-la-pobreza-en-el-pais-mas-feliz-del-mundo-realidades-de-finlandia-que-no-te-cuentan\/embed\/#?secret=T2WgfESCec#?secret=rPlkYeTPkW\" data-secret=\"rPlkYeTPkW\" width=\"500\" height=\"282\" frameborder=\"0\" marginwidth=\"0\" marginheight=\"0\" scrolling=\"no\"><\/iframe>\n<\/div><\/figure>\n","protected":false},"excerpt":{"rendered":"<p>Europa: Un mosaico de historia, vanguardia y rincones de cuento \u00bfSientes que ya lo has visto todo? Prep\u00e1rate para redescubrir el Viejo Continente como nunca antes. Desde el romanticismo eterno de las calles de Par\u00eds hasta el dise\u00f1o futurista de Berl\u00edn, pasando por los pueblos ba\u00f1ados por el sol en la Costa Amalfitana o la [&hellip;]<\/p>\n","protected":false},"author":1,"featured_media":0,"parent":0,"menu_order":1,"comment_status":"closed","ping_status":"closed","template":"","meta":{"footnotes":""},"class_list":["post-1655","page","type-page","status-publish","hentry"],"yoast_head":"<!-- This site is optimized with the Yoast SEO plugin v26.7 - https:\/\/yoast.com\/wordpress\/plugins\/seo\/ -->\n<title>EUROPA - dosis para quitar aburrimiento<\/title>\n<meta name=\"robots\" content=\"index, follow, max-snippet:-1, max-image-preview:large, max-video-preview:-1\" \/>\n<link rel=\"canonical\" href=\"https:\/\/quitaraburrimiento.com\/blog\/europa\/\" \/>\n<meta property=\"og:locale\" content=\"es_ES\" \/>\n<meta property=\"og:type\" content=\"article\" \/>\n<meta property=\"og:title\" content=\"EUROPA - dosis para quitar aburrimiento\" \/>\n<meta property=\"og:description\" content=\"Europa: Un mosaico de historia, vanguardia y rincones de cuento \u00bfSientes que ya lo has visto todo? Prep\u00e1rate para redescubrir el Viejo Continente como nunca antes. Desde el romanticismo eterno de las calles de Par\u00eds hasta el dise\u00f1o futurista de Berl\u00edn, pasando por los pueblos ba\u00f1ados por el sol en la Costa Amalfitana o la [&hellip;]\" \/>\n<meta property=\"og:url\" content=\"https:\/\/quitaraburrimiento.com\/blog\/europa\/\" \/>\n<meta property=\"og:site_name\" content=\"dosis para quitar aburrimiento\" \/>\n<meta property=\"article:publisher\" content=\"https:\/\/www.facebook.com\/profile.php?id=61557596204538\" \/>\n<meta property=\"article:modified_time\" content=\"2026-01-15T23:29:35+00:00\" \/>\n<meta name=\"twitter:card\" content=\"summary_large_image\" \/>\n<meta name=\"twitter:label1\" content=\"Tiempo de lectura\" \/>\n\t<meta name=\"twitter:data1\" content=\"1 minuto\" \/>\n<script type=\"application\/ld+json\" class=\"yoast-schema-graph\">{\"@context\":\"https:\/\/schema.org\",\"@graph\":[{\"@type\":\"WebPage\",\"@id\":\"https:\/\/quitaraburrimiento.com\/blog\/europa\/\",\"url\":\"https:\/\/quitaraburrimiento.com\/blog\/europa\/\",\"name\":\"EUROPA - dosis para quitar aburrimiento\",\"isPartOf\":{\"@id\":\"https:\/\/quitaraburrimiento.com\/blog\/#website\"},\"datePublished\":\"2026-01-10T17:46:06+00:00\",\"dateModified\":\"2026-01-15T23:29:35+00:00\",\"breadcrumb\":{\"@id\":\"https:\/\/quitaraburrimiento.com\/blog\/europa\/#breadcrumb\"},\"inLanguage\":\"es\",\"potentialAction\":[{\"@type\":\"ReadAction\",\"target\":[\"https:\/\/quitaraburrimiento.com\/blog\/europa\/\"]}]},{\"@type\":\"BreadcrumbList\",\"@id\":\"https:\/\/quitaraburrimiento.com\/blog\/europa\/#breadcrumb\",\"itemListElement\":[{\"@type\":\"ListItem\",\"position\":1,\"name\":\"Portada\",\"item\":\"https:\/\/quitaraburrimiento.com\/blog\/\"},{\"@type\":\"ListItem\",\"position\":2,\"name\":\"EUROPA\"}]},{\"@type\":\"WebSite\",\"@id\":\"https:\/\/quitaraburrimiento.com\/blog\/#website\",\"url\":\"https:\/\/quitaraburrimiento.com\/blog\/\",\"name\":\"Quitar aburrimiento\",\"description\":\"blog con posts para quitar aburrimiento\",\"potentialAction\":[{\"@type\":\"SearchAction\",\"target\":{\"@type\":\"EntryPoint\",\"urlTemplate\":\"https:\/\/quitaraburrimiento.com\/blog\/?s={search_term_string}\"},\"query-input\":{\"@type\":\"PropertyValueSpecification\",\"valueRequired\":true,\"valueName\":\"search_term_string\"}}],\"inLanguage\":\"es\"}]}<\/script>\n<!-- \/ Yoast SEO plugin. -->","yoast_head_json":{"title":"EUROPA - dosis para quitar aburrimiento","robots":{"index":"index","follow":"follow","max-snippet":"max-snippet:-1","max-image-preview":"max-image-preview:large","max-video-preview":"max-video-preview:-1"},"canonical":"https:\/\/quitaraburrimiento.com\/blog\/europa\/","og_locale":"es_ES","og_type":"article","og_title":"EUROPA - dosis para quitar aburrimiento","og_description":"Europa: Un mosaico de historia, vanguardia y rincones de cuento \u00bfSientes que ya lo has visto todo? Prep\u00e1rate para redescubrir el Viejo Continente como nunca antes. Desde el romanticismo eterno de las calles de Par\u00eds hasta el dise\u00f1o futurista de Berl\u00edn, pasando por los pueblos ba\u00f1ados por el sol en la Costa Amalfitana o la [&hellip;]","og_url":"https:\/\/quitaraburrimiento.com\/blog\/europa\/","og_site_name":"dosis para quitar aburrimiento","article_publisher":"https:\/\/www.facebook.com\/profile.php?id=61557596204538","article_modified_time":"2026-01-15T23:29:35+00:00","twitter_card":"summary_large_image","twitter_misc":{"Tiempo de lectura":"1 minuto"},"schema":{"@context":"https:\/\/schema.org","@graph":[{"@type":"WebPage","@id":"https:\/\/quitaraburrimiento.com\/blog\/europa\/","url":"https:\/\/quitaraburrimiento.com\/blog\/europa\/","name":"EUROPA - dosis para quitar aburrimiento","isPartOf":{"@id":"https:\/\/quitaraburrimiento.com\/blog\/#website"},"datePublished":"2026-01-10T17:46:06+00:00","dateModified":"2026-01-15T23:29:35+00:00","breadcrumb":{"@id":"https:\/\/quitaraburrimiento.com\/blog\/europa\/#breadcrumb"},"inLanguage":"es","potentialAction":[{"@type":"ReadAction","target":["https:\/\/quitaraburrimiento.com\/blog\/europa\/"]}]},{"@type":"BreadcrumbList","@id":"https:\/\/quitaraburrimiento.com\/blog\/europa\/#breadcrumb","itemListElement":[{"@type":"ListItem","position":1,"name":"Portada","item":"https:\/\/quitaraburrimiento.com\/blog\/"},{"@type":"ListItem","position":2,"name":"EUROPA"}]},{"@type":"WebSite","@id":"https:\/\/quitaraburrimiento.com\/blog\/#website","url":"https:\/\/quitaraburrimiento.com\/blog\/","name":"Quitar aburrimiento","description":"blog con posts para quitar aburrimiento","potentialAction":[{"@type":"SearchAction","target":{"@type":"EntryPoint","urlTemplate":"https:\/\/quitaraburrimiento.com\/blog\/?s={search_term_string}"},"query-input":{"@type":"PropertyValueSpecification","valueRequired":true,"valueName":"search_term_string"}}],"inLanguage":"es"}]}},"_links":{"self":[{"href":"https:\/\/quitaraburrimiento.com\/blog\/wp-json\/wp\/v2\/pages\/1655","targetHints":{"allow":["GET"]}}],"collection":[{"href":"https:\/\/quitaraburrimiento.com\/blog\/wp-json\/wp\/v2\/pages"}],"about":[{"href":"https:\/\/quitaraburrimiento.com\/blog\/wp-json\/wp\/v2\/types\/page"}],"author":[{"embeddable":true,"href":"https:\/\/quitaraburrimiento.com\/blog\/wp-json\/wp\/v2\/users\/1"}],"replies":[{"embeddable":true,"href":"https:\/\/quitaraburrimiento.com\/blog\/wp-json\/wp\/v2\/comments?post=1655"}],"version-history":[{"count":8,"href":"https:\/\/quitaraburrimiento.com\/blog\/wp-json\/wp\/v2\/pages\/1655\/revisions"}],"predecessor-version":[{"id":1763,"href":"https:\/\/quitaraburrimiento.com\/blog\/wp-json\/wp\/v2\/pages\/1655\/revisions\/1763"}],"wp:attachment":[{"href":"https:\/\/quitaraburrimiento.com\/blog\/wp-json\/wp\/v2\/media?parent=1655"}],"curies":[{"name":"wp","href":"https:\/\/api.w.org\/{rel}","templated":true}]}}