{"id":1644,"date":"2026-01-09T18:52:46","date_gmt":"2026-01-09T18:52:46","guid":{"rendered":"https:\/\/quitaraburrimiento.com\/blog\/?page_id=1644"},"modified":"2026-01-16T17:33:17","modified_gmt":"2026-01-16T17:33:17","slug":"america","status":"publish","type":"page","link":"https:\/\/quitaraburrimiento.com\/blog\/america\/","title":{"rendered":"AMERICA"},"content":{"rendered":"\n<script async src=\"https:\/\/pagead2.googlesyndication.com\/pagead\/js\/adsbygoogle.js?client=ca-pub-9537719385277482\"\n     crossorigin=\"anonymous\"><\/script>\n<!-- 336x280, creado 30\/04\/10 -->\n<ins class=\"adsbygoogle\"\n     style=\"display:inline-block;width:336px;height:280px\"\n     data-ad-client=\"ca-pub-9537719385277482\"\n     data-ad-slot=\"1790122349\"><\/ins>\n<script>\n     (adsbygoogle = window.adsbygoogle || []).push({});\n<\/script>\n\n\n\n<p><strong>Am\u00e9rica: Un viaje visual por las ciudades que nunca duermen\u00bb<\/strong><\/p>\n\n\n\n<p>\u00bfAburrido de los mismos destinos de siempre? Bienvenidos a nuestra gu\u00eda definitiva por el coraz\u00f3n de Am\u00e9rica Latina. Desde el caos lleno de vida de la Ciudad de M\u00e9xico hasta los rincones hist\u00f3ricos de Buenos Aires o los secretos mejor guardados de Medell\u00edn. En esta secci\u00f3n exploramos la cultura, la gastronom\u00eda y las curiosidades de las metr\u00f3polis m\u00e1s vibrantes del continente. Prep\u00e1rate para descubrir por qu\u00e9 en este lado del mundo, el aburrimiento simplemente no existe<\/p>\n\n\n\n<figure class=\"wp-block-embed is-type-wp-embed is-provider-dosis-para-quitar-aburrimiento wp-block-embed-dosis-para-quitar-aburrimiento\"><div class=\"wp-block-embed__wrapper\">\n<blockquote class=\"wp-embedded-content\" data-secret=\"xvQbn41RSf\"><a href=\"https:\/\/quitaraburrimiento.com\/blog\/sigue-existiendo-el-racismo-en-ee-uu-la-impactante-experiencia-en-vidor-texas\/\">\u00bfSigue existiendo el racismo en EE.UU.? La impactante experiencia en Vidor, Texas<\/a><\/blockquote><iframe class=\"wp-embedded-content\" sandbox=\"allow-scripts\" security=\"restricted\" style=\"position: absolute; visibility: hidden;\" title=\"\u00ab\u00bfSigue existiendo el racismo en EE.UU.? La impactante experiencia en Vidor, Texas\u00bb \u2014 dosis para quitar aburrimiento\" src=\"https:\/\/quitaraburrimiento.com\/blog\/sigue-existiendo-el-racismo-en-ee-uu-la-impactante-experiencia-en-vidor-texas\/embed\/#?secret=8Nk6KaMk9d#?secret=xvQbn41RSf\" data-secret=\"xvQbn41RSf\" width=\"500\" height=\"282\" frameborder=\"0\" marginwidth=\"0\" marginheight=\"0\" scrolling=\"no\"><\/iframe>\n<\/div><\/figure>\n\n\n\n<figure class=\"wp-block-embed is-type-wp-embed is-provider-dosis-para-quitar-aburrimiento wp-block-embed-dosis-para-quitar-aburrimiento\"><div class=\"wp-block-embed__wrapper\">\n<blockquote class=\"wp-embedded-content\" data-secret=\"5Yad4D0eAU\"><a href=\"https:\/\/quitaraburrimiento.com\/blog\/cuba-2026-como-es-la-vida-real-en-la-isla-que-se-detuvo-en-el-tiempo\/\">Cuba 2026: \u00bfC\u00f3mo es la vida real en la isla que se detuvo en el tiempo?<\/a><\/blockquote><iframe class=\"wp-embedded-content\" sandbox=\"allow-scripts\" security=\"restricted\" style=\"position: absolute; visibility: hidden;\" title=\"\u00abCuba 2026: \u00bfC\u00f3mo es la vida real en la isla que se detuvo en el tiempo?\u00bb \u2014 dosis para quitar aburrimiento\" src=\"https:\/\/quitaraburrimiento.com\/blog\/cuba-2026-como-es-la-vida-real-en-la-isla-que-se-detuvo-en-el-tiempo\/embed\/#?secret=mO4MeYibaE#?secret=5Yad4D0eAU\" data-secret=\"5Yad4D0eAU\" width=\"500\" height=\"282\" frameborder=\"0\" marginwidth=\"0\" marginheight=\"0\" scrolling=\"no\"><\/iframe>\n<\/div><\/figure>\n","protected":false},"excerpt":{"rendered":"<p>Am\u00e9rica: Un viaje visual por las ciudades que nunca duermen\u00bb \u00bfAburrido de los mismos destinos de siempre? Bienvenidos a nuestra gu\u00eda definitiva por el coraz\u00f3n de Am\u00e9rica Latina. Desde el caos lleno de vida de la Ciudad de M\u00e9xico hasta los rincones hist\u00f3ricos de Buenos Aires o los secretos mejor guardados de Medell\u00edn. En esta [&hellip;]<\/p>\n","protected":false},"author":1,"featured_media":0,"parent":0,"menu_order":1,"comment_status":"closed","ping_status":"closed","template":"","meta":{"footnotes":""},"class_list":["post-1644","page","type-page","status-publish","hentry"],"yoast_head":"<!-- This site is optimized with the Yoast SEO plugin v26.7 - https:\/\/yoast.com\/wordpress\/plugins\/seo\/ -->\n<title>AMERICA - dosis para quitar aburrimiento<\/title>\n<meta name=\"robots\" content=\"index, follow, max-snippet:-1, max-image-preview:large, max-video-preview:-1\" \/>\n<link rel=\"canonical\" href=\"https:\/\/quitaraburrimiento.com\/blog\/america\/\" \/>\n<meta property=\"og:locale\" content=\"es_ES\" \/>\n<meta property=\"og:type\" content=\"article\" \/>\n<meta property=\"og:title\" content=\"AMERICA - dosis para quitar aburrimiento\" \/>\n<meta property=\"og:description\" content=\"Am\u00e9rica: Un viaje visual por las ciudades que nunca duermen\u00bb \u00bfAburrido de los mismos destinos de siempre? Bienvenidos a nuestra gu\u00eda definitiva por el coraz\u00f3n de Am\u00e9rica Latina. Desde el caos lleno de vida de la Ciudad de M\u00e9xico hasta los rincones hist\u00f3ricos de Buenos Aires o los secretos mejor guardados de Medell\u00edn. En esta [&hellip;]\" \/>\n<meta property=\"og:url\" content=\"https:\/\/quitaraburrimiento.com\/blog\/america\/\" \/>\n<meta property=\"og:site_name\" content=\"dosis para quitar aburrimiento\" \/>\n<meta property=\"article:publisher\" content=\"https:\/\/www.facebook.com\/profile.php?id=61557596204538\" \/>\n<meta property=\"article:modified_time\" content=\"2026-01-16T17:33:17+00:00\" \/>\n<meta name=\"twitter:card\" content=\"summary_large_image\" \/>\n<meta name=\"twitter:label1\" content=\"Tiempo de lectura\" \/>\n\t<meta name=\"twitter:data1\" content=\"1 minuto\" \/>\n<script type=\"application\/ld+json\" class=\"yoast-schema-graph\">{\"@context\":\"https:\/\/schema.org\",\"@graph\":[{\"@type\":\"WebPage\",\"@id\":\"https:\/\/quitaraburrimiento.com\/blog\/america\/\",\"url\":\"https:\/\/quitaraburrimiento.com\/blog\/america\/\",\"name\":\"AMERICA - dosis para quitar aburrimiento\",\"isPartOf\":{\"@id\":\"https:\/\/quitaraburrimiento.com\/blog\/#website\"},\"datePublished\":\"2026-01-09T18:52:46+00:00\",\"dateModified\":\"2026-01-16T17:33:17+00:00\",\"breadcrumb\":{\"@id\":\"https:\/\/quitaraburrimiento.com\/blog\/america\/#breadcrumb\"},\"inLanguage\":\"es\",\"potentialAction\":[{\"@type\":\"ReadAction\",\"target\":[\"https:\/\/quitaraburrimiento.com\/blog\/america\/\"]}]},{\"@type\":\"BreadcrumbList\",\"@id\":\"https:\/\/quitaraburrimiento.com\/blog\/america\/#breadcrumb\",\"itemListElement\":[{\"@type\":\"ListItem\",\"position\":1,\"name\":\"Portada\",\"item\":\"https:\/\/quitaraburrimiento.com\/blog\/\"},{\"@type\":\"ListItem\",\"position\":2,\"name\":\"AMERICA\"}]},{\"@type\":\"WebSite\",\"@id\":\"https:\/\/quitaraburrimiento.com\/blog\/#website\",\"url\":\"https:\/\/quitaraburrimiento.com\/blog\/\",\"name\":\"Quitar aburrimiento\",\"description\":\"blog con posts para quitar aburrimiento\",\"potentialAction\":[{\"@type\":\"SearchAction\",\"target\":{\"@type\":\"EntryPoint\",\"urlTemplate\":\"https:\/\/quitaraburrimiento.com\/blog\/?s={search_term_string}\"},\"query-input\":{\"@type\":\"PropertyValueSpecification\",\"valueRequired\":true,\"valueName\":\"search_term_string\"}}],\"inLanguage\":\"es\"}]}<\/script>\n<!-- \/ Yoast SEO plugin. -->","yoast_head_json":{"title":"AMERICA - dosis para quitar aburrimiento","robots":{"index":"index","follow":"follow","max-snippet":"max-snippet:-1","max-image-preview":"max-image-preview:large","max-video-preview":"max-video-preview:-1"},"canonical":"https:\/\/quitaraburrimiento.com\/blog\/america\/","og_locale":"es_ES","og_type":"article","og_title":"AMERICA - dosis para quitar aburrimiento","og_description":"Am\u00e9rica: Un viaje visual por las ciudades que nunca duermen\u00bb \u00bfAburrido de los mismos destinos de siempre? Bienvenidos a nuestra gu\u00eda definitiva por el coraz\u00f3n de Am\u00e9rica Latina. Desde el caos lleno de vida de la Ciudad de M\u00e9xico hasta los rincones hist\u00f3ricos de Buenos Aires o los secretos mejor guardados de Medell\u00edn. En esta [&hellip;]","og_url":"https:\/\/quitaraburrimiento.com\/blog\/america\/","og_site_name":"dosis para quitar aburrimiento","article_publisher":"https:\/\/www.facebook.com\/profile.php?id=61557596204538","article_modified_time":"2026-01-16T17:33:17+00:00","twitter_card":"summary_large_image","twitter_misc":{"Tiempo de lectura":"1 minuto"},"schema":{"@context":"https:\/\/schema.org","@graph":[{"@type":"WebPage","@id":"https:\/\/quitaraburrimiento.com\/blog\/america\/","url":"https:\/\/quitaraburrimiento.com\/blog\/america\/","name":"AMERICA - dosis para quitar aburrimiento","isPartOf":{"@id":"https:\/\/quitaraburrimiento.com\/blog\/#website"},"datePublished":"2026-01-09T18:52:46+00:00","dateModified":"2026-01-16T17:33:17+00:00","breadcrumb":{"@id":"https:\/\/quitaraburrimiento.com\/blog\/america\/#breadcrumb"},"inLanguage":"es","potentialAction":[{"@type":"ReadAction","target":["https:\/\/quitaraburrimiento.com\/blog\/america\/"]}]},{"@type":"BreadcrumbList","@id":"https:\/\/quitaraburrimiento.com\/blog\/america\/#breadcrumb","itemListElement":[{"@type":"ListItem","position":1,"name":"Portada","item":"https:\/\/quitaraburrimiento.com\/blog\/"},{"@type":"ListItem","position":2,"name":"AMERICA"}]},{"@type":"WebSite","@id":"https:\/\/quitaraburrimiento.com\/blog\/#website","url":"https:\/\/quitaraburrimiento.com\/blog\/","name":"Quitar aburrimiento","description":"blog con posts para quitar aburrimiento","potentialAction":[{"@type":"SearchAction","target":{"@type":"EntryPoint","urlTemplate":"https:\/\/quitaraburrimiento.com\/blog\/?s={search_term_string}"},"query-input":{"@type":"PropertyValueSpecification","valueRequired":true,"valueName":"search_term_string"}}],"inLanguage":"es"}]}},"_links":{"self":[{"href":"https:\/\/quitaraburrimiento.com\/blog\/wp-json\/wp\/v2\/pages\/1644","targetHints":{"allow":["GET"]}}],"collection":[{"href":"https:\/\/quitaraburrimiento.com\/blog\/wp-json\/wp\/v2\/pages"}],"about":[{"href":"https:\/\/quitaraburrimiento.com\/blog\/wp-json\/wp\/v2\/types\/page"}],"author":[{"embeddable":true,"href":"https:\/\/quitaraburrimiento.com\/blog\/wp-json\/wp\/v2\/users\/1"}],"replies":[{"embeddable":true,"href":"https:\/\/quitaraburrimiento.com\/blog\/wp-json\/wp\/v2\/comments?post=1644"}],"version-history":[{"count":3,"href":"https:\/\/quitaraburrimiento.com\/blog\/wp-json\/wp\/v2\/pages\/1644\/revisions"}],"predecessor-version":[{"id":1778,"href":"https:\/\/quitaraburrimiento.com\/blog\/wp-json\/wp\/v2\/pages\/1644\/revisions\/1778"}],"wp:attachment":[{"href":"https:\/\/quitaraburrimiento.com\/blog\/wp-json\/wp\/v2\/media?parent=1644"}],"curies":[{"name":"wp","href":"https:\/\/api.w.org\/{rel}","templated":true}]}}