{"id":1424,"date":"2025-12-23T21:09:45","date_gmt":"2025-12-23T21:09:45","guid":{"rendered":"https:\/\/quitaraburrimiento.com\/blog\/?page_id=1424"},"modified":"2025-12-23T21:13:43","modified_gmt":"2025-12-23T21:13:43","slug":"contacto","status":"publish","type":"page","link":"https:\/\/quitaraburrimiento.com\/blog\/contacto\/","title":{"rendered":"Contacto"},"content":{"rendered":"\n<p><strong>\u00bfAburrido? Hablemos.<\/strong><\/p>\n\n\n\n<p>En <strong>quitaraburrimiento.com<\/strong> nuestra misi\u00f3n es que no tengas tiempo de enviarnos correos porque est\u00e1s demasiado entretenido. Pero si nos necesitas, aqu\u00ed estamos.<\/p>\n\n\n\n<ul class=\"wp-block-list\">\n<li><strong>Propuestas:<\/strong> \u00bfQuieres ver tu juego o reto aqu\u00ed?<\/li>\n\n\n\n<li><strong>Feedback:<\/strong> Cu\u00e9ntanos qu\u00e9 te gusta y qu\u00e9 odias.<\/li>\n\n\n\n<li><strong>Contacto:<\/strong> <\/li>\n<\/ul>\n\n\n\n<a href=\"mailto:chava_fenix7@hotmail.com\">Contacto: \ud83d\udce7 Escr\u00edbenos un correo<\/a>\n\n\n\n\n\n<p><\/p>\n","protected":false},"excerpt":{"rendered":"<p>\u00bfAburrido? Hablemos. En quitaraburrimiento.com nuestra misi\u00f3n es que no tengas tiempo de enviarnos correos porque est\u00e1s demasiado entretenido. Pero si nos necesitas, aqu\u00ed estamos. Contacto: \ud83d\udce7 Escr\u00edbenos un correo<\/p>\n","protected":false},"author":1,"featured_media":0,"parent":0,"menu_order":0,"comment_status":"closed","ping_status":"closed","template":"","meta":{"footnotes":""},"class_list":["post-1424","page","type-page","status-publish","hentry"],"yoast_head":"<!-- This site is optimized with the Yoast SEO plugin v26.7 - https:\/\/yoast.com\/wordpress\/plugins\/seo\/ -->\n<title>Contacto - dosis para quitar aburrimiento<\/title>\n<meta name=\"robots\" content=\"index, follow, max-snippet:-1, max-image-preview:large, max-video-preview:-1\" \/>\n<link rel=\"canonical\" href=\"https:\/\/quitaraburrimiento.com\/blog\/contacto\/\" \/>\n<meta property=\"og:locale\" content=\"es_ES\" \/>\n<meta property=\"og:type\" content=\"article\" \/>\n<meta property=\"og:title\" content=\"Contacto - dosis para quitar aburrimiento\" \/>\n<meta property=\"og:description\" content=\"\u00bfAburrido? Hablemos. En quitaraburrimiento.com nuestra misi\u00f3n es que no tengas tiempo de enviarnos correos porque est\u00e1s demasiado entretenido. Pero si nos necesitas, aqu\u00ed estamos. Contacto: \ud83d\udce7 Escr\u00edbenos un correo\" \/>\n<meta property=\"og:url\" content=\"https:\/\/quitaraburrimiento.com\/blog\/contacto\/\" \/>\n<meta property=\"og:site_name\" content=\"dosis para quitar aburrimiento\" \/>\n<meta property=\"article:publisher\" content=\"https:\/\/www.facebook.com\/profile.php?id=61557596204538\" \/>\n<meta property=\"article:modified_time\" content=\"2025-12-23T21:13:43+00:00\" \/>\n<meta name=\"twitter:card\" content=\"summary_large_image\" \/>\n<meta name=\"twitter:label1\" content=\"Tiempo de lectura\" \/>\n\t<meta name=\"twitter:data1\" content=\"1 minuto\" \/>\n<script type=\"application\/ld+json\" class=\"yoast-schema-graph\">{\"@context\":\"https:\/\/schema.org\",\"@graph\":[{\"@type\":\"WebPage\",\"@id\":\"https:\/\/quitaraburrimiento.com\/blog\/contacto\/\",\"url\":\"https:\/\/quitaraburrimiento.com\/blog\/contacto\/\",\"name\":\"Contacto - dosis para quitar aburrimiento\",\"isPartOf\":{\"@id\":\"https:\/\/quitaraburrimiento.com\/blog\/#website\"},\"datePublished\":\"2025-12-23T21:09:45+00:00\",\"dateModified\":\"2025-12-23T21:13:43+00:00\",\"breadcrumb\":{\"@id\":\"https:\/\/quitaraburrimiento.com\/blog\/contacto\/#breadcrumb\"},\"inLanguage\":\"es\",\"potentialAction\":[{\"@type\":\"ReadAction\",\"target\":[\"https:\/\/quitaraburrimiento.com\/blog\/contacto\/\"]}]},{\"@type\":\"BreadcrumbList\",\"@id\":\"https:\/\/quitaraburrimiento.com\/blog\/contacto\/#breadcrumb\",\"itemListElement\":[{\"@type\":\"ListItem\",\"position\":1,\"name\":\"Portada\",\"item\":\"https:\/\/quitaraburrimiento.com\/blog\/\"},{\"@type\":\"ListItem\",\"position\":2,\"name\":\"Contacto\"}]},{\"@type\":\"WebSite\",\"@id\":\"https:\/\/quitaraburrimiento.com\/blog\/#website\",\"url\":\"https:\/\/quitaraburrimiento.com\/blog\/\",\"name\":\"Quitar aburrimiento\",\"description\":\"blog con posts para quitar aburrimiento\",\"potentialAction\":[{\"@type\":\"SearchAction\",\"target\":{\"@type\":\"EntryPoint\",\"urlTemplate\":\"https:\/\/quitaraburrimiento.com\/blog\/?s={search_term_string}\"},\"query-input\":{\"@type\":\"PropertyValueSpecification\",\"valueRequired\":true,\"valueName\":\"search_term_string\"}}],\"inLanguage\":\"es\"}]}<\/script>\n<!-- \/ Yoast SEO plugin. -->","yoast_head_json":{"title":"Contacto - dosis para quitar aburrimiento","robots":{"index":"index","follow":"follow","max-snippet":"max-snippet:-1","max-image-preview":"max-image-preview:large","max-video-preview":"max-video-preview:-1"},"canonical":"https:\/\/quitaraburrimiento.com\/blog\/contacto\/","og_locale":"es_ES","og_type":"article","og_title":"Contacto - dosis para quitar aburrimiento","og_description":"\u00bfAburrido? Hablemos. En quitaraburrimiento.com nuestra misi\u00f3n es que no tengas tiempo de enviarnos correos porque est\u00e1s demasiado entretenido. Pero si nos necesitas, aqu\u00ed estamos. Contacto: \ud83d\udce7 Escr\u00edbenos un correo","og_url":"https:\/\/quitaraburrimiento.com\/blog\/contacto\/","og_site_name":"dosis para quitar aburrimiento","article_publisher":"https:\/\/www.facebook.com\/profile.php?id=61557596204538","article_modified_time":"2025-12-23T21:13:43+00:00","twitter_card":"summary_large_image","twitter_misc":{"Tiempo de lectura":"1 minuto"},"schema":{"@context":"https:\/\/schema.org","@graph":[{"@type":"WebPage","@id":"https:\/\/quitaraburrimiento.com\/blog\/contacto\/","url":"https:\/\/quitaraburrimiento.com\/blog\/contacto\/","name":"Contacto - dosis para quitar aburrimiento","isPartOf":{"@id":"https:\/\/quitaraburrimiento.com\/blog\/#website"},"datePublished":"2025-12-23T21:09:45+00:00","dateModified":"2025-12-23T21:13:43+00:00","breadcrumb":{"@id":"https:\/\/quitaraburrimiento.com\/blog\/contacto\/#breadcrumb"},"inLanguage":"es","potentialAction":[{"@type":"ReadAction","target":["https:\/\/quitaraburrimiento.com\/blog\/contacto\/"]}]},{"@type":"BreadcrumbList","@id":"https:\/\/quitaraburrimiento.com\/blog\/contacto\/#breadcrumb","itemListElement":[{"@type":"ListItem","position":1,"name":"Portada","item":"https:\/\/quitaraburrimiento.com\/blog\/"},{"@type":"ListItem","position":2,"name":"Contacto"}]},{"@type":"WebSite","@id":"https:\/\/quitaraburrimiento.com\/blog\/#website","url":"https:\/\/quitaraburrimiento.com\/blog\/","name":"Quitar aburrimiento","description":"blog con posts para quitar aburrimiento","potentialAction":[{"@type":"SearchAction","target":{"@type":"EntryPoint","urlTemplate":"https:\/\/quitaraburrimiento.com\/blog\/?s={search_term_string}"},"query-input":{"@type":"PropertyValueSpecification","valueRequired":true,"valueName":"search_term_string"}}],"inLanguage":"es"}]}},"_links":{"self":[{"href":"https:\/\/quitaraburrimiento.com\/blog\/wp-json\/wp\/v2\/pages\/1424","targetHints":{"allow":["GET"]}}],"collection":[{"href":"https:\/\/quitaraburrimiento.com\/blog\/wp-json\/wp\/v2\/pages"}],"about":[{"href":"https:\/\/quitaraburrimiento.com\/blog\/wp-json\/wp\/v2\/types\/page"}],"author":[{"embeddable":true,"href":"https:\/\/quitaraburrimiento.com\/blog\/wp-json\/wp\/v2\/users\/1"}],"replies":[{"embeddable":true,"href":"https:\/\/quitaraburrimiento.com\/blog\/wp-json\/wp\/v2\/comments?post=1424"}],"version-history":[{"count":4,"href":"https:\/\/quitaraburrimiento.com\/blog\/wp-json\/wp\/v2\/pages\/1424\/revisions"}],"predecessor-version":[{"id":1428,"href":"https:\/\/quitaraburrimiento.com\/blog\/wp-json\/wp\/v2\/pages\/1424\/revisions\/1428"}],"wp:attachment":[{"href":"https:\/\/quitaraburrimiento.com\/blog\/wp-json\/wp\/v2\/media?parent=1424"}],"curies":[{"name":"wp","href":"https:\/\/api.w.org\/{rel}","templated":true}]}}